{"id":1530,"date":"2026-02-10T10:40:14","date_gmt":"2026-02-10T10:40:14","guid":{"rendered":"https:\/\/montevelho.manyfold.dev\/?page_id=1530"},"modified":"2026-03-18T10:18:50","modified_gmt":"2026-03-18T10:18:50","slug":"horse-riding","status":"publish","type":"page","link":"https:\/\/montevelho.manyfold.dev\/pt\/horse-riding\/","title":{"rendered":"Equita\u00e7\u00e3o"},"content":{"rendered":"<h2>Entre li\u00e7\u00f5es de dressage e passeios ao ar livre,<\/h2>\n<p class=\"translation-block\">O Monte Velho oferece condi\u00e7\u00f5es \u00fanicas para viver<br> a harmonia entre cavalo e cavaleiro, ao longo dos<br> 250 hectares da propriedade, em contacto direto<br> com a natureza.<\/p>","protected":false},"excerpt":{"rendered":"<p>Between dressage lessons and outdoor rides, Monte Velho offers unique conditions to experience the harmony between horse and rider, across 250 hectares of land in direct contact with nature.<\/p>","protected":false},"author":3,"featured_media":1936,"parent":0,"menu_order":5,"comment_status":"closed","ping_status":"closed","template":"","meta":{"_acf_changed":false,"inline_featured_image":false,"footnotes":""},"class_list":["post-1530","page","type-page","status-publish","has-post-thumbnail","hentry"],"acf":[],"yoast_head":"<!-- This site is optimized with the Yoast SEO plugin v27.3 - https:\/\/yoast.com\/product\/yoast-seo-wordpress\/ -->\n<title>Horse Riding - Monte Velho<\/title>\n<meta name=\"robots\" content=\"noindex, follow, max-snippet:-1, max-image-preview:large, max-video-preview:-1\" \/>\n<meta property=\"og:locale\" content=\"pt_PT\" \/>\n<meta property=\"og:type\" content=\"article\" \/>\n<meta property=\"og:title\" content=\"Horse Riding - Monte Velho\" \/>\n<meta property=\"og:description\" content=\"Between dressage lessons and outdoor rides, Monte Velho offers unique conditions to experience the harmony between horse and rider, across 250 hectares of land in direct contact with nature.\" \/>\n<meta property=\"og:url\" content=\"https:\/\/montevelho.manyfold.dev\/pt\/horse-riding\/\" \/>\n<meta property=\"og:site_name\" content=\"Monte Velho\" \/>\n<meta property=\"article:modified_time\" content=\"2026-03-18T10:18:50+00:00\" \/>\n<meta property=\"og:image\" content=\"https:\/\/montevelho.manyfold.dev\/wp-content\/uploads\/2026\/03\/mv_equitacao_capa.jpg\" \/>\n\t<meta property=\"og:image:width\" content=\"4752\" \/>\n\t<meta property=\"og:image:height\" content=\"1569\" \/>\n\t<meta property=\"og:image:type\" content=\"image\/jpeg\" \/>\n<meta name=\"twitter:card\" content=\"summary_large_image\" \/>\n<meta name=\"twitter:label1\" content=\"Tempo estimado de leitura\" \/>\n\t<meta name=\"twitter:data1\" content=\"4 minutos\" \/>\n<script type=\"application\/ld+json\" class=\"yoast-schema-graph\">{\"@context\":\"https:\\\/\\\/schema.org\",\"@graph\":[{\"@type\":\"WebPage\",\"@id\":\"https:\\\/\\\/montevelho.manyfold.dev\\\/pt\\\/horse-riding\\\/\",\"url\":\"https:\\\/\\\/montevelho.manyfold.dev\\\/pt\\\/horse-riding\\\/\",\"name\":\"Horse Riding - Monte Velho\",\"isPartOf\":{\"@id\":\"https:\\\/\\\/montevelho.manyfold.dev\\\/pt\\\/#website\"},\"primaryImageOfPage\":{\"@id\":\"https:\\\/\\\/montevelho.manyfold.dev\\\/pt\\\/horse-riding\\\/#primaryimage\"},\"image\":{\"@id\":\"https:\\\/\\\/montevelho.manyfold.dev\\\/pt\\\/horse-riding\\\/#primaryimage\"},\"thumbnailUrl\":\"https:\\\/\\\/montevelho.manyfold.dev\\\/wp-content\\\/uploads\\\/2026\\\/03\\\/mv_equitacao_capa.jpg\",\"datePublished\":\"2026-02-10T10:40:14+00:00\",\"dateModified\":\"2026-03-18T10:18:50+00:00\",\"breadcrumb\":{\"@id\":\"https:\\\/\\\/montevelho.manyfold.dev\\\/pt\\\/horse-riding\\\/#breadcrumb\"},\"inLanguage\":\"pt-PT\",\"potentialAction\":[{\"@type\":\"ReadAction\",\"target\":[\"https:\\\/\\\/montevelho.manyfold.dev\\\/pt\\\/horse-riding\\\/\"]}]},{\"@type\":\"ImageObject\",\"inLanguage\":\"pt-PT\",\"@id\":\"https:\\\/\\\/montevelho.manyfold.dev\\\/pt\\\/horse-riding\\\/#primaryimage\",\"url\":\"https:\\\/\\\/montevelho.manyfold.dev\\\/wp-content\\\/uploads\\\/2026\\\/03\\\/mv_equitacao_capa.jpg\",\"contentUrl\":\"https:\\\/\\\/montevelho.manyfold.dev\\\/wp-content\\\/uploads\\\/2026\\\/03\\\/mv_equitacao_capa.jpg\",\"width\":4752,\"height\":1569},{\"@type\":\"BreadcrumbList\",\"@id\":\"https:\\\/\\\/montevelho.manyfold.dev\\\/pt\\\/horse-riding\\\/#breadcrumb\",\"itemListElement\":[{\"@type\":\"ListItem\",\"position\":1,\"name\":\"Home\",\"item\":\"https:\\\/\\\/montevelho.manyfold.dev\\\/pt\\\/\"},{\"@type\":\"ListItem\",\"position\":2,\"name\":\"Horse Riding\"}]},{\"@type\":\"WebSite\",\"@id\":\"https:\\\/\\\/montevelho.manyfold.dev\\\/pt\\\/#website\",\"url\":\"https:\\\/\\\/montevelho.manyfold.dev\\\/pt\\\/\",\"name\":\"Monte Velho\",\"description\":\"\",\"potentialAction\":[{\"@type\":\"SearchAction\",\"target\":{\"@type\":\"EntryPoint\",\"urlTemplate\":\"https:\\\/\\\/montevelho.manyfold.dev\\\/pt\\\/?s={search_term_string}\"},\"query-input\":{\"@type\":\"PropertyValueSpecification\",\"valueRequired\":true,\"valueName\":\"search_term_string\"}}],\"inLanguage\":\"pt-PT\"}]}<\/script>\n<!-- \/ Yoast SEO plugin. -->","yoast_head_json":{"title":"Horse Riding - Monte Velho","robots":{"index":"noindex","follow":"follow","max-snippet":"max-snippet:-1","max-image-preview":"max-image-preview:large","max-video-preview":"max-video-preview:-1"},"og_locale":"pt_PT","og_type":"article","og_title":"Horse Riding - Monte Velho","og_description":"Between dressage lessons and outdoor rides, Monte Velho offers unique conditions to experience the harmony between horse and rider, across 250 hectares of land in direct contact with nature.","og_url":"https:\/\/montevelho.manyfold.dev\/pt\/horse-riding\/","og_site_name":"Monte Velho","article_modified_time":"2026-03-18T10:18:50+00:00","og_image":[{"width":4752,"height":1569,"url":"https:\/\/montevelho.manyfold.dev\/wp-content\/uploads\/2026\/03\/mv_equitacao_capa.jpg","type":"image\/jpeg"}],"twitter_card":"summary_large_image","twitter_misc":{"Tempo estimado de leitura":"4 minutos"},"schema":{"@context":"https:\/\/schema.org","@graph":[{"@type":"WebPage","@id":"https:\/\/montevelho.manyfold.dev\/pt\/horse-riding\/","url":"https:\/\/montevelho.manyfold.dev\/pt\/horse-riding\/","name":"Horse Riding - Monte Velho","isPartOf":{"@id":"https:\/\/montevelho.manyfold.dev\/pt\/#website"},"primaryImageOfPage":{"@id":"https:\/\/montevelho.manyfold.dev\/pt\/horse-riding\/#primaryimage"},"image":{"@id":"https:\/\/montevelho.manyfold.dev\/pt\/horse-riding\/#primaryimage"},"thumbnailUrl":"https:\/\/montevelho.manyfold.dev\/wp-content\/uploads\/2026\/03\/mv_equitacao_capa.jpg","datePublished":"2026-02-10T10:40:14+00:00","dateModified":"2026-03-18T10:18:50+00:00","breadcrumb":{"@id":"https:\/\/montevelho.manyfold.dev\/pt\/horse-riding\/#breadcrumb"},"inLanguage":"pt-PT","potentialAction":[{"@type":"ReadAction","target":["https:\/\/montevelho.manyfold.dev\/pt\/horse-riding\/"]}]},{"@type":"ImageObject","inLanguage":"pt-PT","@id":"https:\/\/montevelho.manyfold.dev\/pt\/horse-riding\/#primaryimage","url":"https:\/\/montevelho.manyfold.dev\/wp-content\/uploads\/2026\/03\/mv_equitacao_capa.jpg","contentUrl":"https:\/\/montevelho.manyfold.dev\/wp-content\/uploads\/2026\/03\/mv_equitacao_capa.jpg","width":4752,"height":1569},{"@type":"BreadcrumbList","@id":"https:\/\/montevelho.manyfold.dev\/pt\/horse-riding\/#breadcrumb","itemListElement":[{"@type":"ListItem","position":1,"name":"Home","item":"https:\/\/montevelho.manyfold.dev\/pt\/"},{"@type":"ListItem","position":2,"name":"Horse Riding"}]},{"@type":"WebSite","@id":"https:\/\/montevelho.manyfold.dev\/pt\/#website","url":"https:\/\/montevelho.manyfold.dev\/pt\/","name":"Monte Velho","description":"","potentialAction":[{"@type":"SearchAction","target":{"@type":"EntryPoint","urlTemplate":"https:\/\/montevelho.manyfold.dev\/pt\/?s={search_term_string}"},"query-input":{"@type":"PropertyValueSpecification","valueRequired":true,"valueName":"search_term_string"}}],"inLanguage":"pt-PT"}]}},"_links":{"self":[{"href":"https:\/\/montevelho.manyfold.dev\/pt\/wp-json\/wp\/v2\/pages\/1530","targetHints":{"allow":["GET"]}}],"collection":[{"href":"https:\/\/montevelho.manyfold.dev\/pt\/wp-json\/wp\/v2\/pages"}],"about":[{"href":"https:\/\/montevelho.manyfold.dev\/pt\/wp-json\/wp\/v2\/types\/page"}],"author":[{"embeddable":true,"href":"https:\/\/montevelho.manyfold.dev\/pt\/wp-json\/wp\/v2\/users\/3"}],"replies":[{"embeddable":true,"href":"https:\/\/montevelho.manyfold.dev\/pt\/wp-json\/wp\/v2\/comments?post=1530"}],"version-history":[{"count":21,"href":"https:\/\/montevelho.manyfold.dev\/pt\/wp-json\/wp\/v2\/pages\/1530\/revisions"}],"predecessor-version":[{"id":1990,"href":"https:\/\/montevelho.manyfold.dev\/pt\/wp-json\/wp\/v2\/pages\/1530\/revisions\/1990"}],"wp:featuredmedia":[{"embeddable":true,"href":"https:\/\/montevelho.manyfold.dev\/pt\/wp-json\/wp\/v2\/media\/1936"}],"wp:attachment":[{"href":"https:\/\/montevelho.manyfold.dev\/pt\/wp-json\/wp\/v2\/media?parent=1530"}],"curies":[{"name":"wp","href":"https:\/\/api.w.org\/{rel}","templated":true}]}}